{"id":12,"date":"2019-04-15T13:52:48","date_gmt":"2019-04-15T13:52:48","guid":{"rendered":"https:\/\/domaine-ruppert.lu\/?page_id=12"},"modified":"2026-01-28T17:11:35","modified_gmt":"2026-01-28T17:11:35","slug":"unsere-weine","status":"publish","type":"page","link":"https:\/\/domaine-ruppert.lu\/index.php\/unsere-weine\/","title":{"rendered":"Unsere Weine"},"content":{"rendered":"<div class=\"wpb-content-wrapper\"><p>[vc_row css_animation=&#8221;&#8221; row_type=&#8221;row&#8221; use_row_as_full_screen_section=&#8221;no&#8221; type=&#8221;full_width&#8221; angled_section=&#8221;no&#8221; text_align=&#8221;center&#8221; background_image_as_pattern=&#8221;without_pattern&#8221; z_index=&#8221;&#8221; background_color=&#8221;#000000&#8243; css=&#8221;.vc_custom_1583064611316{margin-top: 28px !important;padding-top: 5px !important;padding-bottom: 5px !important;background-color: #000000 !important;}&#8221; side_padding=&#8221;5%&#8221; el_id=&#8221;wine_category_navigation&#8221;][vc_column width=&#8221;1\/6&#8243; css=&#8221;.vc_custom_1570982641615{border-right-width: 1px !important;border-left-width: 1px !important;padding-top: 5px !important;padding-right: 5px !important;padding-bottom: 5px !important;padding-left: 5px !important;background-color: #000000 !important;border-left-color: #ffffff !important;border-left-style: solid !important;border-right-color: #ffffff !important;border-right-style: solid !important;border-radius: 1px !important;}&#8221;][vc_column_text]<\/p>\n<p style=\"text-align: center;\"><a class=\"data-link-slide\" href=\"#\" data-link-slide=\"1\">Les G\u00e9n\u00e9riques<\/a><\/p>\n<p>[\/vc_column_text][\/vc_column][vc_column width=&#8221;1\/6&#8243; css=&#8221;.vc_custom_1570982625247{border-right-width: 1px !important;padding-top: 5px !important;padding-right: 5px !important;padding-bottom: 5px !important;padding-left: 5px !important;background-color: #000000 !important;border-right-color: #ffffff !important;border-right-style: solid !important;border-radius: 1px !important;}&#8221;][vc_column_text]<\/p>\n<p style=\"text-align: center;\"><a class=\"data-link-slide\" href=\"#\" data-link-slide=\"3\">La S\u00e9lection 12<\/a><\/p>\n<p>[\/vc_column_text][\/vc_column][vc_column width=&#8221;1\/6&#8243; css=&#8221;.vc_custom_1570982502048{border-right-width: 1px !important;padding-top: 5px !important;padding-right: 5px !important;padding-bottom: 5px !important;padding-left: 5px !important;background-color: #000000 !important;border-right-color: #ffffff !important;border-right-style: solid !important;border-radius: 1px !important;}&#8221;][vc_column_text]<\/p>\n<p style=\"text-align: center;\"><a class=\"data-link-slide\" href=\"#\" data-link-slide=\"8\">Les Vins de terroir<\/a><\/p>\n<p>[\/vc_column_text][\/vc_column][vc_column width=&#8221;1\/6&#8243; css=&#8221;.vc_custom_1570982490214{border-right-width: 1px !important;padding-top: 5px !important;padding-right: 5px !important;padding-bottom: 5px !important;padding-left: 5px !important;background-color: #000000 !important;border-right-color: #ffffff !important;border-right-style: solid !important;border-radius: 1px !important;}&#8221;][vc_column_text]<\/p>\n<p style=\"text-align: center;\"><a class=\"data-link-slide\" href=\"#\" data-link-slide=\"14\">Les Cr\u00e9mants<\/a><\/p>\n<p>[\/vc_column_text][\/vc_column][vc_column width=&#8221;1\/6&#8243; css=&#8221;.vc_custom_1570982528217{border-right-width: 1px !important;padding-top: 5px !important;padding-right: 5px !important;padding-bottom: 5px !important;padding-left: 5px !important;background-color: #000000 !important;border-right-color: #ffffff !important;border-right-style: solid !important;border-radius: 1px !important;}&#8221;][vc_column_text]<\/p>\n<p style=\"text-align: center;\"><a class=\"data-link-slide\" href=\"#\" data-link-slide=\"19\">Les Vins en barrique<\/a><\/p>\n<p>[\/vc_column_text][\/vc_column][vc_column width=&#8221;1\/6&#8243; css=&#8221;.vc_custom_1570982551549{border-right-width: 1px !important;padding-top: 5px !important;padding-right: 5px !important;padding-bottom: 5px !important;padding-left: 5px !important;border-right-color: #ffffff !important;border-right-style: solid !important;border-radius: 1px !important;}&#8221;][vc_column_text]<\/p>\n<p style=\"text-align: center;\"><a class=\"data-link-slide\" href=\"#\" data-link-slide=\"24\">Les Vins moelleux<\/a><\/p>\n<p>[\/vc_column_text][\/vc_column][\/vc_row][vc_row css_animation=&#8221;&#8221; row_type=&#8221;row&#8221; use_row_as_full_screen_section=&#8221;no&#8221; type=&#8221;full_width&#8221; angled_section=&#8221;no&#8221; text_align=&#8221;left&#8221; background_image_as_pattern=&#8221;without_pattern&#8221; z_index=&#8221;&#8221;][vc_column][vc_raw_js]JTNDc2NyaXB0JTNFJTBBalF1ZXJ5JTI4ZnVuY3Rpb24lMjglMjklN0IlMEElMjAlMjAlMjAlMjBqUXVlcnklMjglMjJhJTVCZGF0YS1saW5rLXNsaWRlJTVEJTIyJTI5LmNsaWNrJTI4ZnVuY3Rpb24lMjglMjklN0IlMEElMjAlMjAlMjAlMjAlMjAlMjAlMjAlMjBqUXVlcnklMjglMjIuY2Fyb3VzZWwlMjIlMjkuY2Fyb3VzZWwlMjhqUXVlcnklMjh0aGlzJTI5LmRhdGElMjglMjJsaW5rLXNsaWRlJTIyJTI5JTI5JTNCJTBBJTIwJTIwJTIwJTIwJTdEJTI5JTNCJTBBJTBBJTIwJTIwJTIwJTIwalF1ZXJ5JTI4JTIyLmNvbnRlbnRfaW5uZXIlMjIlMjkucHJlcGVuZCUyOGpRdWVyeSUyOCUyMiUyM3dpbmVfY2F0ZWdvcnlfbmF2aWdhdGlvbiUyMiUyOSUyOSUzQiUwQSUwQSUyMCUyMCUyMCUyMGpRdWVyeSUyOCUyMi5zbGlkZXJfY29udGVudF9vdXRlciUyMiUyOS5jbGljayUyOGZ1bmN0aW9uJTI4JTI5JTdCJTBBJTIwJTIwJTIwJTIwJTIwJTIwJTIwJTIwalF1ZXJ5JTI4JTIyLmNhcm91c2VsJTIyJTI5LmNhcm91c2VsJTI4JTIycGF1c2UlMjIlMjklM0IlMEElMjAlMjAlMjAlMjAlN0QlMjklM0IlMEElN0QlMjklM0IlMEElM0MlMkZzY3JpcHQlM0U=[\/vc_raw_js][\/vc_column][\/vc_row][vc_row css_animation=&#8221;&#8221; row_type=&#8221;row&#8221; use_row_as_full_screen_section=&#8221;no&#8221; type=&#8221;full_width&#8221; angled_section=&#8221;no&#8221; text_align=&#8221;left&#8221; background_image_as_pattern=&#8221;without_pattern&#8221;][vc_column][vc_raw_html]JTNDc3R5bGUlM0UlMEFhLmRhdGEtbGluay1zbGlkZSU3QiUwQSUyMCUyMCUyMCUyMGNvbG9yJTNBJTIwJTIzZGQ5NzdlJTNCJTBBJTdEJTBBYS5kYXRhLWxpbmstc2xpZGUlM0Fob3ZlciUyMCU3QiUwQSUyMCUyMCUyMCUyMGNvbG9yJTNBJTIwd2hpdGUlM0IlMEElN0QlMEFhLnFidXR0b24uZ3JlZW4uZW5sYXJnZSUyMCU3QiUwQSUyMCUyMCUyMCUyMGJhY2tncm91bmQtY29sb3IlM0ElMjAlMjNhMzY1NWElM0IlMEElMjAlMjAlMjAlMjBib3JkZXItY29sb3IlM0ElMjAlMjNhMzY1NWElM0IlMEElN0QlMEFhLnFidXR0b24uZ3JlZW4lM0Fob3ZlciUyMCU3QiUwQSUyMCUyMCUyMCUyMGJhY2tncm91bmQtY29sb3IlM0ElMjAlMjNmZmZmZmYlM0IlMEElMjAlMjAlMjAlMjBib3JkZXItY29sb3IlM0ElMjAlMjNmZmZmZmYlM0IlMEElMjAlMjAlMjAlMjBjb2xvciUzQSUyMGJsYWNrJTNCJTBBJTdEJTBBJTQwbWVkaWElMjBvbmx5JTIwc2NyZWVuJTIwYW5kJTIwJTI4bWF4LXdpZHRoJTNBJTIwODAwcHglMjklMjAlN0IlMEElMjAlMjAlMjAlMjAuY2Fyb3VzZWwtaW5uZXIlMjAuaXRlbSUyMC5pbWFnZSUyMCU3QiUwQSUyMCUyMCUyMCUyMCUyMCUyMCUyMCUyMGJhY2tncm91bmQtcG9zaXRpb24lM0ElMjAzNyUyNSUyMDAlMjAlMjFpbXBvcnRhbnQlM0IlMEElMjAlMjAlMjAlMjAlN0QlMEElMjAlMjAlMjAlMjBwLnFfc2xpZGVfdGV4dCUyMHNwYW4lMjAlN0IlMEElMjAlMjAlMjAlMjAlMjAlMjAlMjAlMjBmb250LXNpemUlM0ElMjAxNnB4JTNCJTBBJTIwJTIwJTIwJTIwJTIwJTIwJTIwJTIwbGluZS1oZWlnaHQlM0ElMjAxZW0lMjAlMjFpbXBvcnRhbnQlM0IlMjAlMEElMjAlMjAlMjAlMjAlN0QlMEElMjAlMjAlMjAlMjAuY2Fyb3VzZWwtaW5uZXIlMjAucV9zbGlkZV9zdWJ0aXRsZSUyMHNwYW4lMjAlN0IlMEElMjAlMjAlMjAlMjAlMjAlMjAlMjAlMjBmb250LXNpemUlM0ElMjAwLjc1ZW0lM0IlMEElMjAlMjAlMjAlMjAlMjAlMjAlMjAlMjBsaW5lLWhlaWdodCUzQSUyMDFlbSUyMCUyMWltcG9ydGFudCUzQiUwQSUyMCUyMCUyMCUyMCU3RCUwQSUyMCUyMCUyMCUyMC5jYXJvdXNlbC1pbm5lciUyMGgyJTIwc3BhbiUyMCU3QiUwQSUyMCUyMCUyMCUyMCUyMCUyMCUyMCUyMGxpbmUtaGVpZ2h0JTNBJTIwMWVtJTIwJTIxaW1wb3J0YW50JTNCJTBBJTIwJTIwJTIwJTIwJTdEJTBBJTIwJTIwJTIwJTIwZGl2Lml0ZW0lM0FudGgtY2hpbGQlMjgxJTI5JTIwJTNFJTIwZGl2JTNBbnRoLWNoaWxkJTI4MiUyOSUyMCUzRSUyMGRpdiUzQW50aC1jaGlsZCUyODElMjklMjAlM0UlMjBkaXYlM0FudGgtY2hpbGQlMjgxJTI5JTIwJTNFJTIwZGl2JTNBbnRoLWNoaWxkJTI4MSUyOSUyMCU3QiUwQSUyMCUyMCUyMCUyMCUyMCUyMCUyMCUyMGJhY2tncm91bmQtY29sb3IlM0ElMjBibGFjayUzQiUwQSUyMCUyMCUyMCUyMCU3RCUwQSU3RCUwQSUzQyUyRnN0eWxlJTNF[\/vc_raw_html][\/vc_column][\/vc_row][vc_row css_animation=&#8221;&#8221; row_type=&#8221;row&#8221; use_row_as_full_screen_section=&#8221;no&#8221; type=&#8221;full_width&#8221; angled_section=&#8221;no&#8221; text_align=&#8221;left&#8221; background_image_as_pattern=&#8221;without_pattern&#8221;][vc_column]<div class=\"call_to_action normal\" style=\"\"><div class=\"container_inner\"><div class=\"two_columns_75_25 clearfix\"><div class=\"text_wrapper column1\"><div class=\"call_to_action_text \" style=\"\">\n<h3 style=\"text-align: center\">M\u00f6chten Sie unsere Weine kaufen?<\/h3>\n<h1 style=\"text-align: center\">Geben Sie uns Ihre Auswahl durch:<\/h1>\n<p>&nbsp;<\/p>\n<p style=\"text-align: center;color: white;font-weight: 400\">Ganz einfach per E-Mail (<a href=\"mailto:info@domaineruppert.lu?subject=Bestellung\">info@domaineruppert.lu<\/a>) oder per Telefon (+352 26 66 55 66).<\/p>\n<\/div><\/div><div class=\"button_wrapper column2\"><a itemprop=\"url\" href=\"https:\/\/domaine-ruppert.lu\/wp-content\/uploads\/2026\/01\/Preisliste_01.2026.pdf\" class=\"qbutton white small\" target=\"_blank\" style=\"color: #ffffff;background-color:#000000;\" data-hover-background-color=#a3655a >Bestellformular als PDF<\/a><\/div><\/div><\/div><\/div>[\/vc_column][\/vc_row][vc_row css_animation=&#8221;&#8221; row_type=&#8221;row&#8221; use_row_as_full_screen_section=&#8221;no&#8221; type=&#8221;full_width&#8221; angled_section=&#8221;no&#8221; text_align=&#8221;left&#8221; background_image_as_pattern=&#8221;without_pattern&#8221; z_index=&#8221;&#8221; padding_bottom=&#8221;60&#8243;][vc_column width=&#8221;1\/2&#8243;]<div class=\"qode-advanced-pricing-table\">\n\t<div class=\"qode-apt-header qode-apt-row\">\n\t\t<div class=\"qode-apt-title-holder\">\n\t\t\t<h5 class=\"qode-apt-title\">\n\t\t\t\tLes Plumes\t\t\t<\/h5>\n\t\t<\/div>\n\t\t<div class=\"qode-apt-column-title-holder\">\n\t\t\t<h5 class=\"qode-apt-title\">\n\t\t\t\t\t\t\t<\/h5>\n\t\t<\/div>\n\t<\/div>\n\t\t\t<div class=\"qode-apt-items qode-apt-row\">\n\t\t\t<div class=\"qode-apt-item-title\">\n\t\t\t\t2024 La Plume Blanche, 75cl\t\t\t<\/div>\n\t\t\t<div class=\"qode-apt-item-price\">\n\t\t\t\t\u20ac6.90\t\t\t<\/div>\n\t\t<\/div>\n\t\t\t<div class=\"qode-apt-items qode-apt-row\">\n\t\t\t<div class=\"qode-apt-item-title\">\n\t\t\t\t2024 La Plume Ros\u00e9e, 75cl\t\t\t<\/div>\n\t\t\t<div class=\"qode-apt-item-price\">\n\t\t\t\t\u20ac9.90\t\t\t<\/div>\n\t\t<\/div>\n\t\t\t<\/div><div class=\"qode-advanced-pricing-table\">\n\t<div class=\"qode-apt-header qode-apt-row\">\n\t\t<div class=\"qode-apt-title-holder\">\n\t\t\t<h5 class=\"qode-apt-title\">\n\t\t\t\tLa S\u00e9lection 12\t\t\t<\/h5>\n\t\t<\/div>\n\t\t<div class=\"qode-apt-column-title-holder\">\n\t\t\t<h5 class=\"qode-apt-title\">\n\t\t\t\t\t\t\t<\/h5>\n\t\t<\/div>\n\t<\/div>\n\t\t\t<div class=\"qode-apt-items qode-apt-row\">\n\t\t\t<div class=\"qode-apt-item-title\">\n\t\t\t\t2024 Auxerrois, 75cl (stock \u00e9puis\u00e9)\t\t\t<\/div>\n\t\t\t<div class=\"qode-apt-item-price\">\n\t\t\t\t\u20ac11.90\t\t\t<\/div>\n\t\t<\/div>\n\t\t\t<div class=\"qode-apt-items qode-apt-row\">\n\t\t\t<div class=\"qode-apt-item-title\">\n\t\t\t\t2024 Pinot Blanc, 75cl\t\t\t<\/div>\n\t\t\t<div class=\"qode-apt-item-price\">\n\t\t\t\t\u20ac11.90\t\t\t<\/div>\n\t\t<\/div>\n\t\t\t<div class=\"qode-apt-items qode-apt-row\">\n\t\t\t<div class=\"qode-apt-item-title\">\n\t\t\t\t2024 Pinot Gris, 75cl\t\t\t<\/div>\n\t\t\t<div class=\"qode-apt-item-price\">\n\t\t\t\t\u20ac11.90\t\t\t<\/div>\n\t\t<\/div>\n\t\t\t<div class=\"qode-apt-items qode-apt-row\">\n\t\t\t<div class=\"qode-apt-item-title\">\n\t\t\t\t2024 Riesling, 75cl\t\t\t<\/div>\n\t\t\t<div class=\"qode-apt-item-price\">\n\t\t\t\t\u20ac11.90\t\t\t<\/div>\n\t\t<\/div>\n\t\t\t<div class=\"qode-apt-items qode-apt-row\">\n\t\t\t<div class=\"qode-apt-item-title\">\n\t\t\t\t2024 Gew\u00fcrztraminer, 75cl (stock \u00e9puis\u00e9)\t\t\t<\/div>\n\t\t\t<div class=\"qode-apt-item-price\">\n\t\t\t\t\u20ac13.90\t\t\t<\/div>\n\t\t<\/div>\n\t\t\t<\/div><div class=\"qode-advanced-pricing-table\">\n\t<div class=\"qode-apt-header qode-apt-row\">\n\t\t<div class=\"qode-apt-title-holder\">\n\t\t\t<h5 class=\"qode-apt-title\">\n\t\t\t\tLes Vins de Terroir\t\t\t<\/h5>\n\t\t<\/div>\n\t\t<div class=\"qode-apt-column-title-holder\">\n\t\t\t<h5 class=\"qode-apt-title\">\n\t\t\t\t\t\t\t<\/h5>\n\t\t<\/div>\n\t<\/div>\n\t\t\t<div class=\"qode-apt-items qode-apt-row\">\n\t\t\t<div class=\"qode-apt-item-title\">\n\t\t\t\t2024 Pinot Gris Schengen Markusberg, 75cl\t\t\t<\/div>\n\t\t\t<div class=\"qode-apt-item-price\">\n\t\t\t\t\u20ac20.00\t\t\t<\/div>\n\t\t<\/div>\n\t\t\t<div class=\"qode-apt-items qode-apt-row\">\n\t\t\t<div class=\"qode-apt-item-title\">\n\t\t\t\t2024 Pinot Gris Wintrange Felsberg, 75cl\t\t\t<\/div>\n\t\t\t<div class=\"qode-apt-item-price\">\n\t\t\t\t\u20ac20.00\t\t\t<\/div>\n\t\t<\/div>\n\t\t\t<div class=\"qode-apt-items qode-apt-row\">\n\t\t\t<div class=\"qode-apt-item-title\">\n\t\t\t\t2022 Riesling Buntsandstein, 75cl (stock \u00e9puis\u00e9)\t\t\t<\/div>\n\t\t\t<div class=\"qode-apt-item-price\">\n\t\t\t\t\u20ac26.00\t\t\t<\/div>\n\t\t<\/div>\n\t\t\t<div class=\"qode-apt-items qode-apt-row\">\n\t\t\t<div class=\"qode-apt-item-title\">\n\t\t\t\t2022 Riesling Quartz, 75cl\t\t\t<\/div>\n\t\t\t<div class=\"qode-apt-item-price\">\n\t\t\t\t\u20ac26.00\t\t\t<\/div>\n\t\t<\/div>\n\t\t\t<div class=\"qode-apt-items qode-apt-row\">\n\t\t\t<div class=\"qode-apt-item-title\">\n\t\t\t\t2022 Riesling Wintrange Felsberg, 75cl \t\t\t<\/div>\n\t\t\t<div class=\"qode-apt-item-price\">\n\t\t\t\t\u20ac26.00\t\t\t<\/div>\n\t\t<\/div>\n\t\t\t<div class=\"qode-apt-items qode-apt-row\">\n\t\t\t<div class=\"qode-apt-item-title\">\n\t\t\t\t2022 Riesling Schengen Markusberg, 75cl\t\t\t<\/div>\n\t\t\t<div class=\"qode-apt-item-price\">\n\t\t\t\t\u20ac32.00\t\t\t<\/div>\n\t\t<\/div>\n\t\t\t<\/div><div class=\"qode-advanced-pricing-table\">\n\t<div class=\"qode-apt-header qode-apt-row\">\n\t\t<div class=\"qode-apt-title-holder\">\n\t\t\t<h5 class=\"qode-apt-title\">\n\t\t\t\tLes Vins moelleux\t\t\t<\/h5>\n\t\t<\/div>\n\t\t<div class=\"qode-apt-column-title-holder\">\n\t\t\t<h5 class=\"qode-apt-title\">\n\t\t\t\t\t\t\t<\/h5>\n\t\t<\/div>\n\t<\/div>\n\t\t\t<div class=\"qode-apt-items qode-apt-row\">\n\t\t\t<div class=\"qode-apt-item-title\">\n\t\t\t\t2024 Riesling Vendanges Tardives , 50cl\t\t\t<\/div>\n\t\t\t<div class=\"qode-apt-item-price\">\n\t\t\t\t\u20ac30.00\t\t\t<\/div>\n\t\t<\/div>\n\t\t\t<div class=\"qode-apt-items qode-apt-row\">\n\t\t\t<div class=\"qode-apt-item-title\">\n\t\t\t\t2018 Riesling Vendanges Tardives, 37.5cl | Gold Medal AWC et Vinalies de Paris | Gault&amp;Millau 2022 vin de l&#039;ann\u00e9e\t\t\t<\/div>\n\t\t\t<div class=\"qode-apt-item-price\">\n\t\t\t\t\u20ac280.00\t\t\t<\/div>\n\t\t<\/div>\n\t\t\t<\/div>[\/vc_column][vc_column width=&#8221;1\/2&#8243;]<div class=\"qode-advanced-pricing-table\">\n\t<div class=\"qode-apt-header qode-apt-row\">\n\t\t<div class=\"qode-apt-title-holder\">\n\t\t\t<h5 class=\"qode-apt-title\">\n\t\t\t\tCr\u00e9mant de Luxembourg\t\t\t<\/h5>\n\t\t<\/div>\n\t\t<div class=\"qode-apt-column-title-holder\">\n\t\t\t<h5 class=\"qode-apt-title\">\n\t\t\t\t\t\t\t<\/h5>\n\t\t<\/div>\n\t<\/div>\n\t\t\t<div class=\"qode-apt-items qode-apt-row\">\n\t\t\t<div class=\"qode-apt-item-title\">\n\t\t\t\tEsprit de Schengen, 75cl\t\t\t<\/div>\n\t\t\t<div class=\"qode-apt-item-price\">\n\t\t\t\t\u20ac14.90\t\t\t<\/div>\n\t\t<\/div>\n\t\t\t<div class=\"qode-apt-items qode-apt-row\">\n\t\t\t<div class=\"qode-apt-item-title\">\n\t\t\t\tLa Brute, 75cl | 1st Place Luxembourg Cr\u00e9mants Falstaff 2020, 2022, 2023 &amp; 2024\t\t\t<\/div>\n\t\t\t<div class=\"qode-apt-item-price\">\n\t\t\t\t\u20ac24.90\t\t\t<\/div>\n\t\t<\/div>\n\t\t\t<div class=\"qode-apt-items qode-apt-row\">\n\t\t\t<div class=\"qode-apt-item-title\">\n\t\t\t\tLa Brute ros\u00e9, 75cl | 1st Place Luxembourg Cr\u00e9mants Falstaff 2021 \t\t\t<\/div>\n\t\t\t<div class=\"qode-apt-item-price\">\n\t\t\t\t\u20ac28\t\t\t<\/div>\n\t\t<\/div>\n\t\t\t<div class=\"qode-apt-items qode-apt-row\">\n\t\t\t<div class=\"qode-apt-item-title\">\n\t\t\t\tLa Brute Mill\u00e9sim\u00e9 2015, 150cl \t\t\t<\/div>\n\t\t\t<div class=\"qode-apt-item-price\">\n\t\t\t\t\u20ac100\t\t\t<\/div>\n\t\t<\/div>\n\t\t\t<div class=\"qode-apt-items qode-apt-row\">\n\t\t\t<div class=\"qode-apt-item-title\">\n\t\t\t\tLa Brute Ros\u00e9 Mill\u00e9sim\u00e9 2015, 150cl \t\t\t<\/div>\n\t\t\t<div class=\"qode-apt-item-price\">\n\t\t\t\t\u20ac100\t\t\t<\/div>\n\t\t<\/div>\n\t\t\t<\/div><div class=\"qode-advanced-pricing-table\">\n\t<div class=\"qode-apt-header qode-apt-row\">\n\t\t<div class=\"qode-apt-title-holder\">\n\t\t\t<h5 class=\"qode-apt-title\">\n\t\t\t\tLes Blancs en barrique\t\t\t<\/h5>\n\t\t<\/div>\n\t\t<div class=\"qode-apt-column-title-holder\">\n\t\t\t<h5 class=\"qode-apt-title\">\n\t\t\t\t\t\t\t<\/h5>\n\t\t<\/div>\n\t<\/div>\n\t\t\t<div class=\"qode-apt-items qode-apt-row\">\n\t\t\t<div class=\"qode-apt-item-title\">\n\t\t\t\t2022 Pinot Blanc grand f\u00fbt de ch\u00eane, 75cl  (stock \u00e9puis\u00e9)\t\t\t<\/div>\n\t\t\t<div class=\"qode-apt-item-price\">\n\t\t\t\t\u20ac19.00\t\t\t<\/div>\n\t\t<\/div>\n\t\t\t<div class=\"qode-apt-items qode-apt-row\">\n\t\t\t<div class=\"qode-apt-item-title\">\n\t\t\t\t2022 Auxerrois Barrique, 75cl  (stock \u00e9puis\u00e9)\t\t\t<\/div>\n\t\t\t<div class=\"qode-apt-item-price\">\n\t\t\t\t\u20ac28.00\t\t\t<\/div>\n\t\t<\/div>\n\t\t\t<div class=\"qode-apt-items qode-apt-row\">\n\t\t\t<div class=\"qode-apt-item-title\">\n\t\t\t\t2023 Pinot Blanc Barrique, 75cl\t\t\t<\/div>\n\t\t\t<div class=\"qode-apt-item-price\">\n\t\t\t\t\u20ac28.00\t\t\t<\/div>\n\t\t<\/div>\n\t\t\t<div class=\"qode-apt-items qode-apt-row\">\n\t\t\t<div class=\"qode-apt-item-title\">\n\t\t\t\t2022 Pinot Blanc Barrique, 150cl (stock \u00e9puis\u00e9)\t\t\t<\/div>\n\t\t\t<div class=\"qode-apt-item-price\">\n\t\t\t\t\u20ac62.00\t\t\t<\/div>\n\t\t<\/div>\n\t\t\t<div class=\"qode-apt-items qode-apt-row\">\n\t\t\t<div class=\"qode-apt-item-title\">\n\t\t\t\t2024 Chardonnay Barrique, 75cl  \t\t\t<\/div>\n\t\t\t<div class=\"qode-apt-item-price\">\n\t\t\t\t\u20ac28.00\t\t\t<\/div>\n\t\t<\/div>\n\t\t\t<\/div><div class=\"qode-advanced-pricing-table\">\n\t<div class=\"qode-apt-header qode-apt-row\">\n\t\t<div class=\"qode-apt-title-holder\">\n\t\t\t<h5 class=\"qode-apt-title\">\n\t\t\t\tLes Rouges en barrique\t\t\t<\/h5>\n\t\t<\/div>\n\t\t<div class=\"qode-apt-column-title-holder\">\n\t\t\t<h5 class=\"qode-apt-title\">\n\t\t\t\t\t\t\t<\/h5>\n\t\t<\/div>\n\t<\/div>\n\t\t\t<div class=\"qode-apt-items qode-apt-row\">\n\t\t\t<div class=\"qode-apt-item-title\">\n\t\t\t\t2022 Pinot Noir barrique, 75cl (stock \u00e9puis\u00e9)\t\t\t<\/div>\n\t\t\t<div class=\"qode-apt-item-price\">\n\t\t\t\t\u20ac17.40\t\t\t<\/div>\n\t\t<\/div>\n\t\t\t<div class=\"qode-apt-items qode-apt-row\">\n\t\t\t<div class=\"qode-apt-item-title\">\n\t\t\t\t2022 Pinot Noir &quot;Les Terrasses&quot;, 75cl (stock \u00e9puis\u00e9)\t\t\t<\/div>\n\t\t\t<div class=\"qode-apt-item-price\">\n\t\t\t\t\u20ac30.00\t\t\t<\/div>\n\t\t<\/div>\n\t\t\t<div class=\"qode-apt-items qode-apt-row\">\n\t\t\t<div class=\"qode-apt-item-title\">\n\t\t\t\t2022 Pinot Noir &quot;Ma T\u00e2che&quot;, 75cl \t\t\t<\/div>\n\t\t\t<div class=\"qode-apt-item-price\">\n\t\t\t\t\u20ac70\t\t\t<\/div>\n\t\t<\/div>\n\t\t\t<div class=\"qode-apt-items qode-apt-row\">\n\t\t\t<div class=\"qode-apt-item-title\">\n\t\t\t\t2020 Pinot Noir &quot;Ma t\u00e2che&quot;, 150cl \t\t\t<\/div>\n\t\t\t<div class=\"qode-apt-item-price\">\n\t\t\t\t\u20ac146\t\t\t<\/div>\n\t\t<\/div>\n\t\t\t<div class=\"qode-apt-items qode-apt-row\">\n\t\t\t<div class=\"qode-apt-item-title\">\n\t\t\t\t2022 Hammer, 75cl \t\t\t<\/div>\n\t\t\t<div class=\"qode-apt-item-price\">\n\t\t\t\t\u20ac40\t\t\t<\/div>\n\t\t<\/div>\n\t\t\t<\/div>[\/vc_column][\/vc_row]<\/p>\n<\/div>","protected":false},"excerpt":{"rendered":"<p>[vc_row css_animation=&#8221;&#8221; row_type=&#8221;row&#8221; use_row_as_full_screen_section=&#8221;no&#8221; type=&#8221;full_width&#8221; angled_section=&#8221;no&#8221; text_align=&#8221;center&#8221; background_image_as_pattern=&#8221;without_pattern&#8221; z_index=&#8221;&#8221; background_color=&#8221;#000000&#8243; css=&#8221;.vc_custom_1583064611316{margin-top: 28px !important;padding-top: 5px !important;padding-bottom: 5px !important;background-color: #000000 !important;}&#8221; side_padding=&#8221;5%&#8221; el_id=&#8221;wine_category_navigation&#8221;][vc_column width=&#8221;1\/6&#8243; css=&#8221;.vc_custom_1570982641615{border-right-width: 1px !important;border-left-width: 1px !important;padding-top: 5px !important;padding-right: 5px !important;padding-bottom: 5px !important;padding-left: 5px !important;background-color: #000000 !important;border-left-color: #ffffff !important;border-left-style: solid !important;border-right-color: #ffffff !important;border-right-style: solid !important;border-radius:&#8230;<\/p>\n","protected":false},"author":1,"featured_media":0,"parent":0,"menu_order":0,"comment_status":"closed","ping_status":"closed","template":"","meta":{"footnotes":""},"class_list":["post-12","page","type-page","status-publish","hentry"],"_links":{"self":[{"href":"https:\/\/domaine-ruppert.lu\/index.php\/wp-json\/wp\/v2\/pages\/12","targetHints":{"allow":["GET"]}}],"collection":[{"href":"https:\/\/domaine-ruppert.lu\/index.php\/wp-json\/wp\/v2\/pages"}],"about":[{"href":"https:\/\/domaine-ruppert.lu\/index.php\/wp-json\/wp\/v2\/types\/page"}],"author":[{"embeddable":true,"href":"https:\/\/domaine-ruppert.lu\/index.php\/wp-json\/wp\/v2\/users\/1"}],"replies":[{"embeddable":true,"href":"https:\/\/domaine-ruppert.lu\/index.php\/wp-json\/wp\/v2\/comments?post=12"}],"version-history":[{"count":102,"href":"https:\/\/domaine-ruppert.lu\/index.php\/wp-json\/wp\/v2\/pages\/12\/revisions"}],"predecessor-version":[{"id":890,"href":"https:\/\/domaine-ruppert.lu\/index.php\/wp-json\/wp\/v2\/pages\/12\/revisions\/890"}],"wp:attachment":[{"href":"https:\/\/domaine-ruppert.lu\/index.php\/wp-json\/wp\/v2\/media?parent=12"}],"curies":[{"name":"wp","href":"https:\/\/api.w.org\/{rel}","templated":true}]}}